{"id":9595,"date":"2024-01-30T15:58:32","date_gmt":"2024-01-30T15:58:32","guid":{"rendered":"https:\/\/azzam-group.com\/?post_type=product&#038;p=9595"},"modified":"2024-02-13T17:37:05","modified_gmt":"2024-02-13T17:37:05","slug":"%d8%a3%d8%b1%d8%b2-%d8%af%d9%88%d8%b1%d9%88-%d8%a8%d8%b3%d9%85%d8%aa%d9%8a-%d8%a7%d9%84%d8%a3%d8%a8%d9%8a%d8%b6-4500-%d8%ac%d9%85","status":"publish","type":"product","link":"https:\/\/azzam-group.com\/en\/product\/%d8%a3%d8%b1%d8%b2-%d8%af%d9%88%d8%b1%d9%88-%d8%a8%d8%b3%d9%85%d8%aa%d9%8a-%d8%a7%d9%84%d8%a3%d8%a8%d9%8a%d8%b6-4500-%d8%ac%d9%85\/","title":{"rendered":"Duru basmati rice 4500 gm. Indian sella 1121"},"content":{"rendered":"<h1 class=\"title h1 mb-2\">Duru White Basmati Rice, 159 ounces (4500 grams), 100% natural and certified, non-GMO, great for vegan recipes, gluten-free.<\/h1>\n<div id=\"product-ai-feature\" class=\"\">\n<blockquote class=\"product-quote position-relative mt-4 mt-xl-5\"><p>Duru Basmati White Rice has the lowest glycemic index value among global rice.<\/p><\/blockquote>\n<\/div>\n<div class=\"product-detail-section\">\n<div class=\"heading-sec\"><\/div>\n<\/div>","protected":false},"excerpt":{"rendered":"<div class=\"heading-sec\">\n<h2 class=\"dark-text fw-700\">Product details<\/h2>\n<\/div>\n<div id=\"rewrite_description\" class=\"product-detail-points\">\n<ul>\n<li>By achieving the lowest glycemic index value among global rice, Basmati rice has proven its superior quality. Gluten-free, and with a low glycemic index.<\/li>\n<li>We are proud to have obtained food certificates from <strong>Kosher<\/strong>\u0648 <strong>Non-GMO (Genetically Modified Organism)<\/strong><\/li>\n<li>It is harvested and produced using traditional, non-genetically modified, and 100% natural methods.<\/li>\n<li>Please soak for 10 minutes before cooking. When cooking Basmati rice, please use 3 cups of hot water for each cup of Basmati rice you want to cook<\/li>\n<li>The type of meal that the product can be used in: Pilafs, Stuffing, Rolls.<\/li>\n<\/ul>\n<\/div>\n<div class=\"more-product-detail-content\">\n<hr \/>\n<\/div>\n<div id=\"additional-info\" class=\"u-loader-sl s1x mb-5\">\n<div>\n<table id=\"product-attribute-specs-table\" class=\"featureTable De\">\n<tbody>\n<tr>\n<td>Brand<\/td>\n<td>Duru<\/td>\n<\/tr>\n<tr>\n<td>Number of items<\/td>\n<td>1<\/td>\n<\/tr>\n<tr>\n<td>Number of units<\/td>\n<td>158.7328 ounces<\/td>\n<\/tr>\n<tr>\n<td>Weight of the item<\/td>\n<td>5000 grams<\/td>\n<\/tr>\n<tr>\n<td>Package information<\/td>\n<td>briefcase<\/td>\n<\/tr>\n<tr>\n<td>Product dimensions<\/td>\n<td>3.94 \u00d7 0.98 \u00d7 4.33 inches (10 \u00d7 2.5 \u00d7 11 cm),11.02 pounds (4.96 kg)<\/td>\n<\/tr>\n<\/tbody>\n<\/table>\n<\/div>\n<\/div>","protected":false},"featured_media":9596,"comment_status":"open","ping_status":"closed","template":"","meta":[],"product_cat":[108,119,86,93],"product_tag":[],"class_list":{"0":"post-9595","1":"product","2":"type-product","3":"status-publish","4":"has-post-thumbnail","6":"product_cat-108","7":"product_cat-119","8":"product_cat-86","9":"product_cat-93","11":"first","12":"instock","13":"shipping-taxable","14":"product-type-simple"},"_links":{"self":[{"href":"https:\/\/azzam-group.com\/en\/wp-json\/wp\/v2\/product\/9595","targetHints":{"allow":["GET"]}}],"collection":[{"href":"https:\/\/azzam-group.com\/en\/wp-json\/wp\/v2\/product"}],"about":[{"href":"https:\/\/azzam-group.com\/en\/wp-json\/wp\/v2\/types\/product"}],"replies":[{"embeddable":true,"href":"https:\/\/azzam-group.com\/en\/wp-json\/wp\/v2\/comments?post=9595"}],"version-history":[{"count":4,"href":"https:\/\/azzam-group.com\/en\/wp-json\/wp\/v2\/product\/9595\/revisions"}],"predecessor-version":[{"id":9973,"href":"https:\/\/azzam-group.com\/en\/wp-json\/wp\/v2\/product\/9595\/revisions\/9973"}],"wp:featuredmedia":[{"embeddable":true,"href":"https:\/\/azzam-group.com\/en\/wp-json\/wp\/v2\/media\/9596"}],"wp:attachment":[{"href":"https:\/\/azzam-group.com\/en\/wp-json\/wp\/v2\/media?parent=9595"}],"wp:term":[{"taxonomy":"product_cat","embeddable":true,"href":"https:\/\/azzam-group.com\/en\/wp-json\/wp\/v2\/product_cat?post=9595"},{"taxonomy":"product_tag","embeddable":true,"href":"https:\/\/azzam-group.com\/en\/wp-json\/wp\/v2\/product_tag?post=9595"}],"curies":[{"name":"wp","href":"https:\/\/api.w.org\/{rel}","templated":true}]}}