{"id":9401,"date":"2024-01-29T21:36:09","date_gmt":"2024-01-29T21:36:09","guid":{"rendered":"https:\/\/azzam-group.com\/?post_type=product&#038;p=9401"},"modified":"2024-02-12T08:16:40","modified_gmt":"2024-02-12T08:16:40","slug":"%d9%86%d8%b3%d8%aa%d9%84%d9%87-%d9%83%d9%88%d9%81%d9%8a-%d9%85%d9%8a%d8%aa-%d9%85%d8%a8%d9%8a%d8%b6-%d8%a7%d9%84%d9%82%d9%87%d9%88%d8%a9","status":"publish","type":"product","link":"https:\/\/azzam-group.com\/en\/product\/%d9%86%d8%b3%d8%aa%d9%84%d9%87-%d9%83%d9%88%d9%81%d9%8a-%d9%85%d9%8a%d8%aa-%d9%85%d8%a8%d9%8a%d8%b6-%d8%a7%d9%84%d9%82%d9%87%d9%88%d8%a9\/","title":{"rendered":"Nestl\u00e9 Coffee-Mate Coffee Creamer"},"content":{"rendered":"<p>&nbsp;<\/p>\n<p>Nestle Coffee-Mate Original Coffee Powder is the perfect way to prepare a delicious cup of ideal coffee.<\/p>\n<table id=\"product-attribute-specs-table\" class=\"featureTable\" style=\"height: 108px;\" width=\"737\">\n<tbody>\n<tr>\n<td>Data on Food Allergens<\/td>\n<td>Derived from milk<\/td>\n<\/tr>\n<tr>\n<td>Brand<\/td>\n<td>Coffee-Mate<\/td>\n<\/tr>\n<tr>\n<td>product details<\/td>\n<td>\"Free from allergens and gluten-free\"<\/td>\n<\/tr>\n<tr>\n<td>Product dimensions<\/td>\n<td>\"The assembled (length \u00d7 width \u00d7 height) dimensions are 3.35 \u00d7 3.35 \u00d7 7.75 inches (8.5 \u00d7 8.5 \u00d7 19.7 cm).\"<\/td>\n<\/tr>\n<tr>\n<td><\/td>\n<td><\/td>\n<\/tr>\n<\/tbody>\n<\/table>","protected":false},"excerpt":{"rendered":"<p>Product details<br \/>\nNestle Coffee-Mate Original Coffee Powder is the perfect way to prepare a delicious cup of ideal coffee.<\/p>\n<p>This smooth and rich Original Cream delivers a classic flavor that transforms every drinking experience.<\/p>\n<p>Coffee Mate Original Creamer is free of lactose and gluten and does not contain dairy products.<\/p>\n<p>Coffee creamer powder makes it easy to add just the right amount of flavor every time, allowing you to easily transform your coffee into a warm, delicious flavor.<\/p>\n<p>Whether it's your morning cup or a refreshing afternoon beverage, this flavored coffee creamer invigorates your coffee. Store Coffee Mate Creamer Powder in a cool, dry place.<\/p>","protected":false},"featured_media":9402,"comment_status":"open","ping_status":"closed","template":"","meta":[],"product_cat":[119,99],"product_tag":[],"class_list":{"0":"post-9401","1":"product","2":"type-product","3":"status-publish","4":"has-post-thumbnail","6":"product_cat-119","7":"product_cat-99","9":"first","10":"instock","11":"shipping-taxable","12":"product-type-simple"},"_links":{"self":[{"href":"https:\/\/azzam-group.com\/en\/wp-json\/wp\/v2\/product\/9401","targetHints":{"allow":["GET"]}}],"collection":[{"href":"https:\/\/azzam-group.com\/en\/wp-json\/wp\/v2\/product"}],"about":[{"href":"https:\/\/azzam-group.com\/en\/wp-json\/wp\/v2\/types\/product"}],"replies":[{"embeddable":true,"href":"https:\/\/azzam-group.com\/en\/wp-json\/wp\/v2\/comments?post=9401"}],"version-history":[{"count":2,"href":"https:\/\/azzam-group.com\/en\/wp-json\/wp\/v2\/product\/9401\/revisions"}],"predecessor-version":[{"id":9687,"href":"https:\/\/azzam-group.com\/en\/wp-json\/wp\/v2\/product\/9401\/revisions\/9687"}],"wp:featuredmedia":[{"embeddable":true,"href":"https:\/\/azzam-group.com\/en\/wp-json\/wp\/v2\/media\/9402"}],"wp:attachment":[{"href":"https:\/\/azzam-group.com\/en\/wp-json\/wp\/v2\/media?parent=9401"}],"wp:term":[{"taxonomy":"product_cat","embeddable":true,"href":"https:\/\/azzam-group.com\/en\/wp-json\/wp\/v2\/product_cat?post=9401"},{"taxonomy":"product_tag","embeddable":true,"href":"https:\/\/azzam-group.com\/en\/wp-json\/wp\/v2\/product_tag?post=9401"}],"curies":[{"name":"wp","href":"https:\/\/api.w.org\/{rel}","templated":true}]}}